{"id":1129,"date":"2023-09-19T05:46:43","date_gmt":"2023-09-19T05:46:43","guid":{"rendered":"https:\/\/nerdsolution.de\/peteregg\/?page_id=1129"},"modified":"2025-10-20T16:38:07","modified_gmt":"2025-10-20T16:38:07","slug":"home","status":"publish","type":"page","link":"https:\/\/eggermedia.ch\/","title":{"rendered":"Home"},"content":{"rendered":"\t\t<div data-elementor-type=\"wp-page\" data-elementor-id=\"1129\" class=\"elementor elementor-1129\" data-elementor-post-type=\"page\">\n\t\t\t\t\t\t<section data-particle_enable=\"false\" data-particle-mobile-disabled=\"false\" class=\"elementor-section elementor-top-section elementor-element elementor-element-bd15838 elementor-section-stretched elementor-section-boxed elementor-section-height-default elementor-section-height-default\" data-id=\"bd15838\" data-element_type=\"section\" data-e-type=\"section\" data-settings=\"{&quot;stretch_section&quot;:&quot;section-stretched&quot;,&quot;background_background&quot;:&quot;slideshow&quot;,&quot;background_slideshow_gallery&quot;:[{&quot;id&quot;:1312,&quot;url&quot;:&quot;https:\\\/\\\/eggermedia.ch\\\/wp-content\\\/uploads\\\/2023\\\/10\\\/slide3.jpg&quot;},{&quot;id&quot;:1311,&quot;url&quot;:&quot;https:\\\/\\\/eggermedia.ch\\\/wp-content\\\/uploads\\\/2023\\\/10\\\/slide2.jpg&quot;},{&quot;id&quot;:1310,&quot;url&quot;:&quot;https:\\\/\\\/eggermedia.ch\\\/wp-content\\\/uploads\\\/2023\\\/10\\\/slide1.jpg&quot;}],&quot;background_slideshow_loop&quot;:&quot;yes&quot;,&quot;background_slideshow_slide_duration&quot;:5000,&quot;background_slideshow_slide_transition&quot;:&quot;fade&quot;,&quot;background_slideshow_transition_duration&quot;:500}\">\n\t\t\t\t\t\t\t<div class=\"elementor-background-overlay\"><\/div>\n\t\t\t\t\t\t\t<div class=\"elementor-container elementor-column-gap-default\">\n\t\t\t\t\t<div class=\"elementor-column elementor-col-100 elementor-top-column elementor-element elementor-element-0d09ff8\" data-id=\"0d09ff8\" data-element_type=\"column\" data-e-type=\"column\">\n\t\t\t<div class=\"elementor-widget-wrap elementor-element-populated\">\n\t\t\t\t\t\t<div class=\"elementor-element elementor-element-349905a elementor-widget elementor-widget-heading\" data-id=\"349905a\" data-element_type=\"widget\" data-e-type=\"widget\" data-widget_type=\"heading.default\">\n\t\t\t\t<div class=\"elementor-widget-container\">\n\t\t\t\t\t<h2 class=\"elementor-heading-title elementor-size-default\">EggerMedia Livestreams f\u00fcr alle Ihre Events<\/h2>\t\t\t\t<\/div>\n\t\t\t\t<\/div>\n\t\t\t\t<div class=\"elementor-element elementor-element-b94c81b elementor-widget elementor-widget-text-editor\" data-id=\"b94c81b\" data-element_type=\"widget\" data-e-type=\"widget\" data-widget_type=\"text-editor.default\">\n\t\t\t\t<div class=\"elementor-widget-container\">\n\t\t\t\t\t\t\t\t\t<p>Planen Sie einen Event und m\u00f6chten ihn<br \/>Live f\u00fcr alle zu Hause pr\u00e4sentieren?<br \/>Wir helfen Ihnen. Fragen Sie unverbindlich an.<\/p>\t\t\t\t\t\t\t\t<\/div>\n\t\t\t\t<\/div>\n\t\t\t\t\t<\/div>\n\t\t<\/div>\n\t\t\t\t\t<\/div>\n\t\t<\/section>\n\t\t\t\t<section data-particle_enable=\"false\" data-particle-mobile-disabled=\"false\" class=\"elementor-section elementor-top-section elementor-element elementor-element-344c71a elementor-section-boxed elementor-section-height-default elementor-section-height-default\" data-id=\"344c71a\" data-element_type=\"section\" data-e-type=\"section\">\n\t\t\t\t\t\t<div class=\"elementor-container elementor-column-gap-default\">\n\t\t\t\t\t<div class=\"elementor-column elementor-col-100 elementor-top-column elementor-element elementor-element-493c6c0\" data-id=\"493c6c0\" data-element_type=\"column\" data-e-type=\"column\">\n\t\t\t<div class=\"elementor-widget-wrap elementor-element-populated\">\n\t\t\t\t\t\t<div class=\"elementor-element elementor-element-e3a7713 elementor-widget elementor-widget-spacer\" data-id=\"e3a7713\" data-element_type=\"widget\" data-e-type=\"widget\" data-widget_type=\"spacer.default\">\n\t\t\t\t<div class=\"elementor-widget-container\">\n\t\t\t\t\t\t\t<div class=\"elementor-spacer\">\n\t\t\t<div class=\"elementor-spacer-inner\"><\/div>\n\t\t<\/div>\n\t\t\t\t\t\t<\/div>\n\t\t\t\t<\/div>\n\t\t\t\t\t<\/div>\n\t\t<\/div>\n\t\t\t\t\t<\/div>\n\t\t<\/section>\n\t\t\t\t<section data-particle_enable=\"false\" data-particle-mobile-disabled=\"false\" class=\"elementor-section elementor-top-section elementor-element elementor-element-a9e4714 elementor-section-boxed elementor-section-height-default elementor-section-height-default\" data-id=\"a9e4714\" data-element_type=\"section\" data-e-type=\"section\">\n\t\t\t\t\t\t<div class=\"elementor-container elementor-column-gap-default\">\n\t\t\t\t\t<div class=\"elementor-column elementor-col-100 elementor-top-column elementor-element elementor-element-787ad8e\" data-id=\"787ad8e\" data-element_type=\"column\" data-e-type=\"column\">\n\t\t\t<div class=\"elementor-widget-wrap elementor-element-populated\">\n\t\t\t\t\t\t<div class=\"elementor-element elementor-element-319d85e elementor-widget elementor-widget-heading\" data-id=\"319d85e\" data-element_type=\"widget\" data-e-type=\"widget\" data-widget_type=\"heading.default\">\n\t\t\t\t<div class=\"elementor-widget-container\">\n\t\t\t\t\t<h1 class=\"elementor-heading-title elementor-size-default\">N\u00e4chster Live Event<\/h1>\t\t\t\t<\/div>\n\t\t\t\t<\/div>\n\t\t\t\t\t<\/div>\n\t\t<\/div>\n\t\t\t\t\t<\/div>\n\t\t<\/section>\n\t\t\t\t<section data-particle_enable=\"false\" data-particle-mobile-disabled=\"false\" class=\"elementor-section elementor-top-section elementor-element elementor-element-df563f7 elementor-section-boxed elementor-section-height-default elementor-section-height-default\" data-id=\"df563f7\" data-element_type=\"section\" data-e-type=\"section\">\n\t\t\t\t\t\t<div class=\"elementor-container elementor-column-gap-default\">\n\t\t\t\t\t<div class=\"elementor-column elementor-col-100 elementor-top-column elementor-element elementor-element-e3c7c24\" data-id=\"e3c7c24\" data-element_type=\"column\" data-e-type=\"column\">\n\t\t\t<div class=\"elementor-widget-wrap elementor-element-populated\">\n\t\t\t\t\t\t<div class=\"elementor-element elementor-element-4c27e59 elementor-widget elementor-widget-heading\" data-id=\"4c27e59\" data-element_type=\"widget\" data-e-type=\"widget\" data-widget_type=\"heading.default\">\n\t\t\t\t<div class=\"elementor-widget-container\">\n\t\t\t\t\t<h2 class=\"elementor-heading-title elementor-size-default\">Am Samstag 25. &amp; Sonntag 26. Oktober 2025 ab 08:300 Uhr auf unseren Kan\u00e4len \u00fcbertragen wir die RZO Regional Meisterschaft aus Uster<\/h2>\t\t\t\t<\/div>\n\t\t\t\t<\/div>\n\t\t\t\t\t<\/div>\n\t\t<\/div>\n\t\t\t\t\t<\/div>\n\t\t<\/section>\n\t\t\t\t<section data-particle_enable=\"false\" data-particle-mobile-disabled=\"false\" class=\"elementor-section elementor-top-section elementor-element elementor-element-fc40424 elementor-section-boxed elementor-section-height-default elementor-section-height-default\" data-id=\"fc40424\" data-element_type=\"section\" data-e-type=\"section\">\n\t\t\t\t\t\t<div class=\"elementor-container elementor-column-gap-default\">\n\t\t\t\t\t<div class=\"elementor-column elementor-col-100 elementor-top-column elementor-element elementor-element-8360eaf\" data-id=\"8360eaf\" data-element_type=\"column\" data-e-type=\"column\">\n\t\t\t<div class=\"elementor-widget-wrap elementor-element-populated\">\n\t\t\t\t\t\t<div class=\"elementor-element elementor-element-e1f24d3 elementor-widget elementor-widget-spacer\" data-id=\"e1f24d3\" data-element_type=\"widget\" data-e-type=\"widget\" data-widget_type=\"spacer.default\">\n\t\t\t\t<div class=\"elementor-widget-container\">\n\t\t\t\t\t\t\t<div class=\"elementor-spacer\">\n\t\t\t<div class=\"elementor-spacer-inner\"><\/div>\n\t\t<\/div>\n\t\t\t\t\t\t<\/div>\n\t\t\t\t<\/div>\n\t\t\t\t\t<\/div>\n\t\t<\/div>\n\t\t\t\t\t<\/div>\n\t\t<\/section>\n\t\t\t\t<section data-particle_enable=\"false\" data-particle-mobile-disabled=\"false\" class=\"elementor-section elementor-top-section elementor-element elementor-element-5d49bab elementor-section-boxed elementor-section-height-default elementor-section-height-default\" data-id=\"5d49bab\" data-element_type=\"section\" data-e-type=\"section\">\n\t\t\t\t\t\t<div class=\"elementor-container elementor-column-gap-default\">\n\t\t\t\t\t<div class=\"elementor-column elementor-col-50 elementor-top-column elementor-element elementor-element-8ce35f0\" data-id=\"8ce35f0\" data-element_type=\"column\" data-e-type=\"column\">\n\t\t\t<div class=\"elementor-widget-wrap elementor-element-populated\">\n\t\t\t\t\t\t<div class=\"elementor-element elementor-element-ba6812c elementor-widget elementor-widget-text-editor\" data-id=\"ba6812c\" data-element_type=\"widget\" data-e-type=\"widget\" data-widget_type=\"text-editor.default\">\n\t\t\t\t<div class=\"elementor-widget-container\">\n\t\t\t\t\t\t\t\t\t<p>Am 25. &amp; 26. Oktober 2025 findet im Hallenbad Buchholz in Uster die RZO Regional Meisterschaften statt.<\/p><p>Dank dem RZO Verband k\u00f6nnen wir euch \u00fcber beide Tage einen Livestream anbieten.<\/p><p>Die Liveresultate\u00a0 sowie Startlisten findest du auf:\u00a0 <a href=\"https:\/\/www.scu.ch\/live\/RHM2025\/\">https:\/\/www.scu.ch\/live\/RHM2025\/<\/a><\/p><p>\u00a0<\/p>\t\t\t\t\t\t\t\t<\/div>\n\t\t\t\t<\/div>\n\t\t\t\t\t<\/div>\n\t\t<\/div>\n\t\t\t\t<div class=\"elementor-column elementor-col-50 elementor-top-column elementor-element elementor-element-cf91b55\" data-id=\"cf91b55\" data-element_type=\"column\" data-e-type=\"column\">\n\t\t\t<div class=\"elementor-widget-wrap elementor-element-populated\">\n\t\t\t\t\t\t<div class=\"elementor-element elementor-element-558e818 elementor-widget elementor-widget-html\" data-id=\"558e818\" data-element_type=\"widget\" data-e-type=\"widget\" data-widget_type=\"html.default\">\n\t\t\t\t<div class=\"elementor-widget-container\">\n\t\t\t\t\t<iframe id=\"iframe\" src=\"https:\/\/www.emlivestream.ch\/player5.html\" name=\"player5\" scrolling=\"no\" frameborder=\"0\" marginheight=\"0px\" marginwidth=\"0px\" height=\"640px\" width=\"770px\" allowfullscreen><\/iframe>\t\t\t\t<\/div>\n\t\t\t\t<\/div>\n\t\t\t\t\t<\/div>\n\t\t<\/div>\n\t\t\t\t\t<\/div>\n\t\t<\/section>\n\t\t\t\t<\/div>\n\t\t","protected":false},"excerpt":{"rendered":"<p>EggerMedia Livestreams f\u00fcr alle Ihre Events Planen Sie einen Event und m\u00f6chten ihnLive f\u00fcr alle zu Hause pr\u00e4sentieren?Wir helfen Ihnen. Fragen Sie unverbindlich an. N\u00e4chster Live Event Am Samstag 25. &amp; Sonntag 26. Oktober 2025 ab 08:300 Uhr auf unseren Kan\u00e4len \u00fcbertragen wir die RZO Regional Meisterschaft aus Uster Am 25. &amp; 26. Oktober 2025 [&hellip;]<\/p>\n","protected":false},"author":2,"featured_media":0,"parent":0,"menu_order":1,"comment_status":"closed","ping_status":"closed","template":"","meta":{"footnotes":""},"class_list":["post-1129","page","type-page","status-publish","hentry"],"_links":{"self":[{"href":"https:\/\/eggermedia.ch\/index.php\/wp-json\/wp\/v2\/pages\/1129","targetHints":{"allow":["GET"]}}],"collection":[{"href":"https:\/\/eggermedia.ch\/index.php\/wp-json\/wp\/v2\/pages"}],"about":[{"href":"https:\/\/eggermedia.ch\/index.php\/wp-json\/wp\/v2\/types\/page"}],"author":[{"embeddable":true,"href":"https:\/\/eggermedia.ch\/index.php\/wp-json\/wp\/v2\/users\/2"}],"replies":[{"embeddable":true,"href":"https:\/\/eggermedia.ch\/index.php\/wp-json\/wp\/v2\/comments?post=1129"}],"version-history":[{"count":656,"href":"https:\/\/eggermedia.ch\/index.php\/wp-json\/wp\/v2\/pages\/1129\/revisions"}],"predecessor-version":[{"id":2708,"href":"https:\/\/eggermedia.ch\/index.php\/wp-json\/wp\/v2\/pages\/1129\/revisions\/2708"}],"wp:attachment":[{"href":"https:\/\/eggermedia.ch\/index.php\/wp-json\/wp\/v2\/media?parent=1129"}],"curies":[{"name":"wp","href":"https:\/\/api.w.org\/{rel}","templated":true}]}}